{"id":7383,"date":"2025-01-24T16:36:21","date_gmt":"2025-01-24T16:36:21","guid":{"rendered":"https:\/\/dssi.pt\/storage-backup-archive-and-sharing\/"},"modified":"2026-05-06T15:28:00","modified_gmt":"2026-05-06T15:28:00","slug":"storage-backup-archive-sharing-and-virtualization","status":"publish","type":"page","link":"https:\/\/dssi.pt\/en\/storage-backup-archive-sharing-and-virtualization\/","title":{"rendered":"Storage, Backup, Archive, Sharing and Virtualization"},"content":{"rendered":"\t\t<div data-elementor-type=\"wp-page\" data-elementor-id=\"7383\" class=\"elementor elementor-7383 elementor-1110\" data-elementor-post-type=\"page\">\n\t\t\t\t\t\t<header class=\"elementor-section elementor-top-section elementor-element elementor-element-905c681 elementor-section-height-min-height elementor-section-full_width elementor-section-height-default elementor-section-items-middle wpr-particle-no wpr-jarallax-no wpr-parallax-no wpr-sticky-section-no\" data-id=\"905c681\" data-element_type=\"section\" data-settings=\"{&quot;background_background&quot;:&quot;classic&quot;,&quot;background_motion_fx_motion_fx_mouse&quot;:&quot;yes&quot;}\">\n\t\t\t\t\t\t\t<div class=\"elementor-background-overlay\"><\/div>\n\t\t\t\t\t\t\t<div class=\"elementor-container elementor-column-gap-default\">\n\t\t\t\t\t<div class=\"elementor-column elementor-col-100 elementor-top-column elementor-element elementor-element-600919d\" data-id=\"600919d\" data-element_type=\"column\">\n\t\t\t<div class=\"elementor-widget-wrap elementor-element-populated\">\n\t\t\t\t\t\t<div class=\"elementor-element elementor-element-5ff8895 elementor-widget-tablet__width-initial elementor-widget__width-initial elementor-widget elementor-widget-heading\" data-id=\"5ff8895\" data-element_type=\"widget\" data-widget_type=\"heading.default\">\n\t\t\t\t<div class=\"elementor-widget-container\">\n\t\t\t\t\t<h1 class=\"elementor-heading-title elementor-size-default\">Storage, Backup, Archive, Sharing and Virtualization<\/h1>\t\t\t\t<\/div>\n\t\t\t\t<\/div>\n\t\t\t\t\t<\/div>\n\t\t<\/div>\n\t\t\t\t\t<\/div>\n\t\t<\/header>\n\t\t<div class=\"elementor-element elementor-element-98fb6fd e-flex e-con-boxed wpr-particle-no wpr-jarallax-no wpr-parallax-no wpr-sticky-section-no e-con e-parent\" data-id=\"98fb6fd\" data-element_type=\"container\">\n\t\t\t\t\t<div class=\"e-con-inner\">\n\t\t<div class=\"elementor-element elementor-element-804042d e-con-full e-transform e-flex wpr-particle-no wpr-jarallax-no wpr-parallax-no wpr-sticky-section-no e-con e-child\" data-id=\"804042d\" data-element_type=\"container\" data-settings=\"{&quot;_transform_scale_effect_hover&quot;:{&quot;unit&quot;:&quot;px&quot;,&quot;size&quot;:1.1,&quot;sizes&quot;:[]},&quot;_transform_scale_effect_hover_tablet&quot;:{&quot;unit&quot;:&quot;px&quot;,&quot;size&quot;:&quot;&quot;,&quot;sizes&quot;:[]},&quot;_transform_scale_effect_hover_mobile&quot;:{&quot;unit&quot;:&quot;px&quot;,&quot;size&quot;:&quot;&quot;,&quot;sizes&quot;:[]}}\">\n\t\t\t\t<div class=\"elementor-element elementor-element-5dd783d elementor-position-top elementor-widget elementor-widget-image-box\" data-id=\"5dd783d\" data-element_type=\"widget\" data-widget_type=\"image-box.default\">\n\t\t\t\t<div class=\"elementor-widget-container\">\n\t\t\t\t\t<div class=\"elementor-image-box-wrapper\"><figure class=\"elementor-image-box-img\"><a href=\"https:\/\/dssi.pt\/en\/crashplan\/\" tabindex=\"-1\"><img decoding=\"async\" width=\"201\" height=\"86\" src=\"https:\/\/dssi.pt\/wp-content\/uploads\/2026\/04\/1-crashplan-1.png\" class=\"attachment-full size-full wp-image-15497\" alt=\"\" \/><\/a><\/figure><div class=\"elementor-image-box-content\"><p class=\"elementor-image-box-description\">A powerful and highly secure cloud backup solution designed to protect your data from unexpected losses on your endpoint.<\/p><\/div><\/div>\t\t\t\t<\/div>\n\t\t\t\t<\/div>\n\t\t\t\t<\/div>\n\t\t<div class=\"elementor-element elementor-element-dac6de0 e-con-full e-transform e-flex wpr-particle-no wpr-jarallax-no wpr-parallax-no wpr-sticky-section-no e-con e-child\" data-id=\"dac6de0\" data-element_type=\"container\" data-settings=\"{&quot;_transform_scale_effect_hover&quot;:{&quot;unit&quot;:&quot;px&quot;,&quot;size&quot;:1.1,&quot;sizes&quot;:[]},&quot;_transform_scale_effect_hover_tablet&quot;:{&quot;unit&quot;:&quot;px&quot;,&quot;size&quot;:&quot;&quot;,&quot;sizes&quot;:[]},&quot;_transform_scale_effect_hover_mobile&quot;:{&quot;unit&quot;:&quot;px&quot;,&quot;size&quot;:&quot;&quot;,&quot;sizes&quot;:[]}}\">\n\t\t\t\t<div class=\"elementor-element elementor-element-e6861de elementor-position-top elementor-widget elementor-widget-image-box\" data-id=\"e6861de\" data-element_type=\"widget\" data-widget_type=\"image-box.default\">\n\t\t\t\t<div class=\"elementor-widget-container\">\n\t\t\t\t\t<div class=\"elementor-image-box-wrapper\"><figure class=\"elementor-image-box-img\"><a href=\"https:\/\/dssi.pt\/en\/kiteworks\/\" tabindex=\"-1\"><img decoding=\"async\" width=\"201\" height=\"86\" src=\"https:\/\/dssi.pt\/wp-content\/uploads\/2026\/04\/19-kiteworks-1.png\" class=\"attachment-full size-full wp-image-15521\" alt=\"\" \/><\/a><\/figure><div class=\"elementor-image-box-content\"><p class=\"elementor-image-box-description\">An enterprise data security platform specializing in the communication and sharing of sensitive content via communication channels such as email and file sharing.<\/p><\/div><\/div>\t\t\t\t<\/div>\n\t\t\t\t<\/div>\n\t\t\t\t<\/div>\n\t\t<div class=\"elementor-element elementor-element-060511c e-con-full e-transform e-flex wpr-particle-no wpr-jarallax-no wpr-parallax-no wpr-sticky-section-no e-con e-child\" data-id=\"060511c\" data-element_type=\"container\" data-settings=\"{&quot;_transform_scale_effect_hover&quot;:{&quot;unit&quot;:&quot;px&quot;,&quot;size&quot;:1.1,&quot;sizes&quot;:[]},&quot;_transform_scale_effect_hover_tablet&quot;:{&quot;unit&quot;:&quot;px&quot;,&quot;size&quot;:&quot;&quot;,&quot;sizes&quot;:[]},&quot;_transform_scale_effect_hover_mobile&quot;:{&quot;unit&quot;:&quot;px&quot;,&quot;size&quot;:&quot;&quot;,&quot;sizes&quot;:[]}}\">\n\t\t\t\t<div class=\"elementor-element elementor-element-5c7f0d4 elementor-position-top elementor-widget elementor-widget-image-box\" data-id=\"5c7f0d4\" data-element_type=\"widget\" data-widget_type=\"image-box.default\">\n\t\t\t\t<div class=\"elementor-widget-container\">\n\t\t\t\t\t<div class=\"elementor-image-box-wrapper\"><figure class=\"elementor-image-box-img\"><a href=\"https:\/\/dssi.pt\/en\/mailstore\/\" tabindex=\"-1\"><img fetchpriority=\"high\" decoding=\"async\" width=\"1000\" height=\"450\" src=\"https:\/\/dssi.pt\/wp-content\/uploads\/2026\/05\/mailstore-NOVO.png\" class=\"attachment-full size-full wp-image-17414\" alt=\"\" srcset=\"https:\/\/dssi.pt\/wp-content\/uploads\/2026\/05\/mailstore-NOVO.png 1000w, https:\/\/dssi.pt\/wp-content\/uploads\/2026\/05\/mailstore-NOVO-300x135.png 300w, https:\/\/dssi.pt\/wp-content\/uploads\/2026\/05\/mailstore-NOVO-768x346.png 768w, https:\/\/dssi.pt\/wp-content\/uploads\/2026\/05\/mailstore-NOVO-600x270.png 600w\" sizes=\"(max-width: 1000px) 100vw, 1000px\" \/><\/a><\/figure><div class=\"elementor-image-box-content\"><p class=\"elementor-image-box-description\">A secure, efficient, and easy-to-use email archiving solution designed to ensure the preservation, organization, and accessibility of email messages.<\/p><\/div><\/div>\t\t\t\t<\/div>\n\t\t\t\t<\/div>\n\t\t\t\t<\/div>\n\t\t<div class=\"elementor-element elementor-element-12c50fc e-con-full e-transform e-flex wpr-particle-no wpr-jarallax-no wpr-parallax-no wpr-sticky-section-no e-con e-child\" data-id=\"12c50fc\" data-element_type=\"container\" data-settings=\"{&quot;_transform_scale_effect_hover&quot;:{&quot;unit&quot;:&quot;px&quot;,&quot;size&quot;:1.1,&quot;sizes&quot;:[]},&quot;_transform_scale_effect_hover_tablet&quot;:{&quot;unit&quot;:&quot;px&quot;,&quot;size&quot;:&quot;&quot;,&quot;sizes&quot;:[]},&quot;_transform_scale_effect_hover_mobile&quot;:{&quot;unit&quot;:&quot;px&quot;,&quot;size&quot;:&quot;&quot;,&quot;sizes&quot;:[]}}\">\n\t\t\t\t<div class=\"elementor-element elementor-element-e6019c9 elementor-position-top elementor-widget elementor-widget-image-box\" data-id=\"e6019c9\" data-element_type=\"widget\" data-widget_type=\"image-box.default\">\n\t\t\t\t<div class=\"elementor-widget-container\">\n\t\t\t\t\t<div class=\"elementor-image-box-wrapper\"><figure class=\"elementor-image-box-img\"><a href=\"https:\/\/dssi.pt\/en\/nakivo\/\" tabindex=\"-1\"><img loading=\"lazy\" decoding=\"async\" width=\"201\" height=\"86\" src=\"https:\/\/dssi.pt\/wp-content\/uploads\/2026\/04\/8-nakivo-1.png\" class=\"attachment-full size-full wp-image-15505\" alt=\"\" \/><\/a><\/figure><div class=\"elementor-image-box-content\"><p class=\"elementor-image-box-description\">A highly efficient and flexible data backup and recovery solution designed to protect modern, complex IT environments.<\/p><\/div><\/div>\t\t\t\t<\/div>\n\t\t\t\t<\/div>\n\t\t\t\t<\/div>\n\t\t<div class=\"elementor-element elementor-element-b734acd e-con-full e-transform e-flex wpr-particle-no wpr-jarallax-no wpr-parallax-no wpr-sticky-section-no e-con e-child\" data-id=\"b734acd\" data-element_type=\"container\" data-settings=\"{&quot;_transform_scale_effect_hover&quot;:{&quot;unit&quot;:&quot;px&quot;,&quot;size&quot;:1.1,&quot;sizes&quot;:[]},&quot;_transform_scale_effect_hover_tablet&quot;:{&quot;unit&quot;:&quot;px&quot;,&quot;size&quot;:&quot;&quot;,&quot;sizes&quot;:[]},&quot;_transform_scale_effect_hover_mobile&quot;:{&quot;unit&quot;:&quot;px&quot;,&quot;size&quot;:&quot;&quot;,&quot;sizes&quot;:[]}}\">\n\t\t\t\t<div class=\"elementor-element elementor-element-aa4b340 elementor-position-top elementor-widget elementor-widget-image-box\" data-id=\"aa4b340\" data-element_type=\"widget\" data-widget_type=\"image-box.default\">\n\t\t\t\t<div class=\"elementor-widget-container\">\n\t\t\t\t\t<div class=\"elementor-image-box-wrapper\"><figure class=\"elementor-image-box-img\"><a href=\"https:\/\/dssi.pt\/en\/proxmox\/\" tabindex=\"-1\"><img loading=\"lazy\" decoding=\"async\" width=\"1000\" height=\"450\" src=\"https:\/\/dssi.pt\/wp-content\/uploads\/2026\/04\/proxmox-1.png\" class=\"attachment-full size-full wp-image-16625\" alt=\"\" srcset=\"https:\/\/dssi.pt\/wp-content\/uploads\/2026\/04\/proxmox-1.png 1000w, https:\/\/dssi.pt\/wp-content\/uploads\/2026\/04\/proxmox-1-300x135.png 300w, https:\/\/dssi.pt\/wp-content\/uploads\/2026\/04\/proxmox-1-768x346.png 768w, https:\/\/dssi.pt\/wp-content\/uploads\/2026\/04\/proxmox-1-600x270.png 600w\" sizes=\"(max-width: 1000px) 100vw, 1000px\" \/><\/a><\/figure><div class=\"elementor-image-box-content\"><p class=\"elementor-image-box-description\">A highly efficient and flexible data backup and recovery solution designed to protect modern, complex IT environments.<\/p><\/div><\/div>\t\t\t\t<\/div>\n\t\t\t\t<\/div>\n\t\t\t\t<\/div>\n\t\t\t\t\t<\/div>\n\t\t\t\t<\/div>\n\t\t<div class=\"elementor-element elementor-element-5b38579 e-flex e-con-boxed wpr-particle-no wpr-jarallax-no wpr-parallax-no wpr-sticky-section-no e-con e-parent\" data-id=\"5b38579\" data-element_type=\"container\">\n\t\t\t\t\t<div class=\"e-con-inner\">\n\t\t\t\t<div class=\"elementor-element elementor-element-f1e1ec6 elementor-widget elementor-widget-text-editor\" data-id=\"f1e1ec6\" data-element_type=\"widget\" data-widget_type=\"text-editor.default\">\n\t\t\t\t<div class=\"elementor-widget-container\">\n\t\t\t\t\t\t\t\t\t<p class=\"\" data-start=\"0\" data-end=\"590\">We offer advanced and secure solutions for storing and managing your data. Whether you&#8217;re looking to guarantee the integrity of your information, optimize access and sharing between teams or even make regular <em>backups<\/em> to protect your content, we have the right tools for you. From <em>cloud<\/em> storage solutions to robust archiving systems. Our platform is designed to offer maximum reliability, scalability and security, meeting the needs of our partners.<\/p><p class=\"\" data-start=\"592\" data-end=\"772\"><strong>Explore our options and find out how we can help simplify the management and security of your data, always guaranteeing availability, integrity and accessibility when you need it most.<\/strong><\/p>\t\t\t\t\t\t\t\t<\/div>\n\t\t\t\t<\/div>\n\t\t\t\t\t<\/div>\n\t\t\t\t<\/div>\n\t\t\t\t<\/div>\n\t\t","protected":false},"excerpt":{"rendered":"<p>Storage, Backup, Archive and Sharing Solu\u00e7\u00e3o de backup em cloud, poderosa e altamente segura, desenvolvida para proteger os seus dados contra perdas inesperadas no seu endpoint. Plataforma de seguran\u00e7a de dados empresariais, especializada na comunica\u00e7\u00e3o e partilha de conte\u00fados sens\u00edveis atrav\u00e9s de canais de comunica\u00e7\u00e3o, como email e partilha de ficheiros. Solu\u00e7\u00e3o de arquivo de e-mails segura, eficiente e f\u00e1cil de usar, projetada para garantir a preserva\u00e7\u00e3o, organiza\u00e7\u00e3o e acessibilidade das mensagens de e-mail. Solu\u00e7\u00e3o de backup e recupera\u00e7\u00e3o de dados altamente eficiente e flex\u00edvel, projetada para proteger ambientes de IT modernos e complexos. Uma plataforma de virtualiza\u00e7\u00e3o centralizada que permite executar e gerir v\u00e1rias m\u00e1quinas virtuais e contentores num \u00fanico servidor de forma pr\u00e1tica e eficiente. Welcome to our Storage, Backup, Archive and Sharing page. We offer advanced and secure solutions for storing and managing your data. Whether you&#8217;re looking to guarantee the integrity of your information, optimize access and sharing between teams or even make regular backups to protect your content, we have the right tools for you. From cloud storage solutions to robust archiving systems. Our platform is designed to offer maximum reliability, scalability and security, meeting the needs of our partners. Explore our options and find out how we can help simplify the management and security of your data, always guaranteeing availability, integrity and accessibility when you need it most.<\/p>\n","protected":false},"author":1,"featured_media":0,"parent":0,"menu_order":0,"comment_status":"closed","ping_status":"closed","template":"elementor_header_footer","meta":{"footnotes":""},"class_list":["post-7383","page","type-page","status-publish","hentry"],"_links":{"self":[{"href":"https:\/\/dssi.pt\/en\/wp-json\/wp\/v2\/pages\/7383","targetHints":{"allow":["GET"]}}],"collection":[{"href":"https:\/\/dssi.pt\/en\/wp-json\/wp\/v2\/pages"}],"about":[{"href":"https:\/\/dssi.pt\/en\/wp-json\/wp\/v2\/types\/page"}],"author":[{"embeddable":true,"href":"https:\/\/dssi.pt\/en\/wp-json\/wp\/v2\/users\/1"}],"replies":[{"embeddable":true,"href":"https:\/\/dssi.pt\/en\/wp-json\/wp\/v2\/comments?post=7383"}],"version-history":[{"count":47,"href":"https:\/\/dssi.pt\/en\/wp-json\/wp\/v2\/pages\/7383\/revisions"}],"predecessor-version":[{"id":17554,"href":"https:\/\/dssi.pt\/en\/wp-json\/wp\/v2\/pages\/7383\/revisions\/17554"}],"wp:attachment":[{"href":"https:\/\/dssi.pt\/en\/wp-json\/wp\/v2\/media?parent=7383"}],"curies":[{"name":"wp","href":"https:\/\/api.w.org\/{rel}","templated":true}]}}